{"id":2593,"date":"2025-01-29T11:46:52","date_gmt":"2025-01-29T11:46:52","guid":{"rendered":"https:\/\/www.xoma.se\/?page_id=2593"},"modified":"2025-01-29T12:31:34","modified_gmt":"2025-01-29T12:31:34","slug":"prenumeration-felmeddelande","status":"publish","type":"page","link":"https:\/\/www.xoma.se\/se\/prenumeration-felmeddelande\/","title":{"rendered":"Prenumeration - Felmeddelande"},"content":{"rendered":"<p>Klicka p\u00e5 knappen nedan f\u00f6r att g\u00e5 tillbaka till sidan med prenumerationsformul\u00e4ret.<\/p>","protected":false},"excerpt":{"rendered":"<p>Din ans\u00f6kan om prenumeration har tyv\u00e4rr inte skickats iv\u00e4g. Det kan bero p\u00e5 att du gl\u00f6mt att fylla i ett av f\u00e4lten eller att din e-postadress inte var korrekt ifylld.<\/p>","protected":false},"author":1,"featured_media":0,"parent":0,"menu_order":0,"comment_status":"closed","ping_status":"closed","template":"","meta":{"_acf_changed":false,"footnotes":""},"class_list":["post-2593","page","type-page","status-publish","hentry"],"acf":[],"_links":{"self":[{"href":"https:\/\/www.xoma.se\/se\/wp-json\/wp\/v2\/pages\/2593","targetHints":{"allow":["GET"]}}],"collection":[{"href":"https:\/\/www.xoma.se\/se\/wp-json\/wp\/v2\/pages"}],"about":[{"href":"https:\/\/www.xoma.se\/se\/wp-json\/wp\/v2\/types\/page"}],"author":[{"embeddable":true,"href":"https:\/\/www.xoma.se\/se\/wp-json\/wp\/v2\/users\/1"}],"replies":[{"embeddable":true,"href":"https:\/\/www.xoma.se\/se\/wp-json\/wp\/v2\/comments?post=2593"}],"version-history":[{"count":6,"href":"https:\/\/www.xoma.se\/se\/wp-json\/wp\/v2\/pages\/2593\/revisions"}],"predecessor-version":[{"id":2681,"href":"https:\/\/www.xoma.se\/se\/wp-json\/wp\/v2\/pages\/2593\/revisions\/2681"}],"wp:attachment":[{"href":"https:\/\/www.xoma.se\/se\/wp-json\/wp\/v2\/media?parent=2593"}],"curies":[{"name":"wp","href":"https:\/\/api.w.org\/{rel}","templated":true}]}}