{"id":2257,"date":"2025-01-16T21:06:39","date_gmt":"2025-01-16T21:06:39","guid":{"rendered":"https:\/\/www.xoma.se\/?page_id=2257"},"modified":"2025-01-18T12:11:03","modified_gmt":"2025-01-18T12:11:03","slug":"sekretesspolicy","status":"publish","type":"page","link":"https:\/\/www.xoma.se\/se\/privacy-policy\/","title":{"rendered":"Sekretesspolicy"},"content":{"rendered":"<p class=\"p1\"><b>Sekretesspolicy<\/b> Senast uppdaterad den: 16-jan-2025 Ikrafttr\u00e4dandedatum: 16-jan-2025<\/p>\n<p class=\"p1\">Denna integritetspolicy beskriver policyerna f\u00f6r <b>Xoma AB<\/b> ang\u00e5ende insamling, anv\u00e4ndning och utl\u00e4mnande av din information n\u00e4r du anv\u00e4nder v\u00e5r webbplats (https:\/\/www.xoma.se) (\u201dTj\u00e4nsten\u201d). Genom att komma \u00e5t eller anv\u00e4nda tj\u00e4nsten samtycker du till insamling, anv\u00e4ndning och avsl\u00f6jande av din information i enlighet med denna integritetspolicy. Om du inte samtycker, v\u00e4nligen bes\u00f6k eller anv\u00e4nd inte tj\u00e4nsten.<\/p>\n<p class=\"p1\"><b>F\u00f6retagsinformation<\/b> Xoma AB, BOX 2344, G\u00f6teborg, 403 15, Sverige E-post: info@xoma.se Telefon: +46 705 473301<\/p>\n<p class=\"p1\"><b>\u00c4ndringar av integritetspolicyn<\/b> Vi kan \u00e4ndra denna integritetspolicy n\u00e4r som helst utan f\u00f6reg\u00e5ende meddelande och kommer att publicera den reviderade versionen p\u00e5 tj\u00e4nsten. Den reviderade policyn tr\u00e4der i kraft 180 dagar efter publicering. Fortsatt anv\u00e4ndning av tj\u00e4nsten efter denna period inneb\u00e4r att du accepterar \u00e4ndringarna. Vi rekommenderar att du granskar den h\u00e4r sidan med j\u00e4mna mellanrum.<\/p>\n<p class=\"p1\"><b>Information vi samlar in<\/b> Vi samlar in och behandlar f\u00f6ljande personuppgifter om dig: E-post<\/p>\n<p class=\"p1\"><b>Hur vi anv\u00e4nder din information<\/b> Vi anv\u00e4nder din information f\u00f6r f\u00f6ljande \u00e4ndam\u00e5l: Support, Riktad reklam. Om vi vill anv\u00e4nda din information f\u00f6r n\u00e5got annat \u00e4ndam\u00e5l kommer vi att beg\u00e4ra ditt samtycke och endast anv\u00e4nda din information f\u00f6r det \u00e4ndam\u00e5let om inte annat kr\u00e4vs enligt lag.<\/p>\n<p class=\"p1\"><b>Hur vi delar din information<\/b> Vi \u00f6verf\u00f6r inte dina personuppgifter till tredje part utan ditt samtycke, f\u00f6rutom under f\u00f6ljande omst\u00e4ndigheter: Analytics. Vi s\u00e4kerst\u00e4ller att tredje part anv\u00e4nder den \u00f6verf\u00f6rda informationen enbart f\u00f6r det avsedda syftet och inte beh\u00e5ller den l\u00e4ngre \u00e4n n\u00f6dv\u00e4ndigt. Vi kan ocks\u00e5 avsl\u00f6ja din information f\u00f6r att: 1. F\u00f6lja till\u00e4mpliga lagar, f\u00f6rordningar, domstolsbeslut eller r\u00e4ttsliga processer. 2. Genomdriva avtal, inklusive denna sekretesspolicy. 3. Svara p\u00e5 anspr\u00e5k ang\u00e5ende kr\u00e4nkningar av tredje parts r\u00e4ttigheter. Om Tj\u00e4nsten eller v\u00e5rt f\u00f6retag sl\u00e5s samman eller f\u00f6rv\u00e4rvas kan din information komma att \u00f6verf\u00f6ras till den nya \u00e4garen.<\/p>\n<p class=\"p1\"><b>Lagring av din information<\/b> Vi beh\u00e5ller din personliga information i 90 dagar till 2 \u00e5r efter att kontot avslutats eller s\u00e5 l\u00e4nge det \u00e4r n\u00f6dv\u00e4ndigt f\u00f6r att uppfylla de syften som beskrivs i denna integritetspolicy. Viss information kan bevaras under l\u00e4ngre perioder f\u00f6r efterlevnad, r\u00e4ttstill\u00e4mpning, f\u00f6rebyggande av bedr\u00e4geri eller legitima \u00e4ndam\u00e5l. \u00c5terst\u00e5ende anonym och aggregerad information kan lagras p\u00e5 obest\u00e4md tid.<\/p>\n<p class=\"p1\"><b>Dina r\u00e4ttigheter<\/b> Beroende p\u00e5 g\u00e4llande lagar kan du ha r\u00e4tt att: f\u00e5 tillg\u00e5ng till, korrigera eller radera dina uppgifter. Begr\u00e4nsa eller inv\u00e4nda mot behandling. F\u00e5 en kopia av dina uppgifter. Beg\u00e4r dataportabilitet. \u00c5terkalla samtycke. L\u00e4mna in klagom\u00e5l till relevanta myndigheter. F\u00f6r att ut\u00f6va dessa r\u00e4ttigheter, maila oss p\u00e5 <b>info@xoma.se<\/b>. Du kan ocks\u00e5 v\u00e4lja bort direktmarknadsf\u00f6ring genom att kontakta oss p\u00e5 <b>info@xoma.se<\/b>.<\/p>\n<p class=\"p1\"><b>Sm\u00e5kakor<\/b> F\u00f6r detaljer om v\u00e5r anv\u00e4ndning av cookies och sp\u00e5rningsteknik, se v\u00e5r <a href=\"#\">Cookiepolicy<\/a>.<\/p>\n<p class=\"p1\"><b>S\u00e4kerhet<\/b> Vi anv\u00e4nder rimliga s\u00e4kerhets\u00e5tg\u00e4rder f\u00f6r att skydda din information. Men p\u00e5 grund av inneboende risker kan vi inte garantera absolut s\u00e4kerhet. Du \u00f6verf\u00f6r information till oss p\u00e5 egen risk.<\/p>\n<p class=\"p1\"><b>Klagom\u00e5l \/ dataskyddsombud<\/b> Om du har fr\u00e5gor om din information, v\u00e4nligen kontakta v\u00e5r klagom\u00e5lsansvarig: <b>Xoma AB<\/b>, BOX 2344, E-post: <b>info@xoma.se<\/b>. Vi kommer att hantera dina problem i enlighet med till\u00e4mplig lag.<\/p>","protected":false},"excerpt":{"rendered":"<p>Privacy Policy Last Updated On: 16-Jan-2025 Effective Date: 16-Jan-2025 This Privacy Policy describes the policies of Xoma AB regarding the collection, use, and disclosure of your information when you use our website (https:\/\/www.xoma.se) (the \u201cService\u201d). By accessing or using the Service, you consent to the collection, use, and disclosure of your information in accordance with [&hellip;]<\/p>\n","protected":false},"author":1,"featured_media":0,"parent":0,"menu_order":30,"comment_status":"closed","ping_status":"closed","template":"","meta":{"_acf_changed":false,"footnotes":""},"class_list":["post-2257","page","type-page","status-publish","hentry"],"acf":[],"_links":{"self":[{"href":"https:\/\/www.xoma.se\/se\/wp-json\/wp\/v2\/pages\/2257","targetHints":{"allow":["GET"]}}],"collection":[{"href":"https:\/\/www.xoma.se\/se\/wp-json\/wp\/v2\/pages"}],"about":[{"href":"https:\/\/www.xoma.se\/se\/wp-json\/wp\/v2\/types\/page"}],"author":[{"embeddable":true,"href":"https:\/\/www.xoma.se\/se\/wp-json\/wp\/v2\/users\/1"}],"replies":[{"embeddable":true,"href":"https:\/\/www.xoma.se\/se\/wp-json\/wp\/v2\/comments?post=2257"}],"version-history":[{"count":9,"href":"https:\/\/www.xoma.se\/se\/wp-json\/wp\/v2\/pages\/2257\/revisions"}],"predecessor-version":[{"id":2272,"href":"https:\/\/www.xoma.se\/se\/wp-json\/wp\/v2\/pages\/2257\/revisions\/2272"}],"wp:attachment":[{"href":"https:\/\/www.xoma.se\/se\/wp-json\/wp\/v2\/media?parent=2257"}],"curies":[{"name":"wp","href":"https:\/\/api.w.org\/{rel}","templated":true}]}}