{"id":2252,"date":"2025-01-16T20:57:08","date_gmt":"2025-01-16T20:57:08","guid":{"rendered":"https:\/\/www.xoma.se\/?page_id=2252"},"modified":"2025-01-18T12:10:58","modified_gmt":"2025-01-18T12:10:58","slug":"cookiepolicy","status":"publish","type":"page","link":"https:\/\/www.xoma.se\/se\/cookie-policy\/","title":{"rendered":"Cookiepolicy"},"content":{"rendered":"<p class=\"p1\"><b>Ikrafttr\u00e4dandedatum:<\/b> 16 januari 2025<\/p>\n<p class=\"p1\"><b>Senast uppdaterad:<\/b> 16 januari 2025<\/p>\n<p class=\"p1\">Vad \u00e4r cookies? Denna cookiepolicy f\u00f6rklarar vad cookies \u00e4r och hur vi anv\u00e4nder dem, vilka typer av cookies vi anv\u00e4nder (dvs. informationen vi samlar in med hj\u00e4lp av cookies och hur den informationen anv\u00e4nds) och hur man hanterar cookieinst\u00e4llningarna.<\/p>\n<p class=\"p1\">Cookies \u00e4r sm\u00e5 textfiler som anv\u00e4nds f\u00f6r att lagra sm\u00e5 bitar av information. De lagras p\u00e5 din enhet n\u00e4r webbplatsen laddas i din webbl\u00e4sare. Dessa cookies hj\u00e4lper oss att f\u00e5 webbplatsen att fungera korrekt, g\u00f6ra den s\u00e4krare, ge en b\u00e4ttre anv\u00e4ndarupplevelse och f\u00f6rst\u00e5 hur webbplatsen fungerar f\u00f6r att analysera vad som fungerar och var den beh\u00f6ver f\u00f6rb\u00e4ttras.<\/p>\n<p class=\"p1\"><b>Hur anv\u00e4nder vi cookies?<\/b><b><\/b><\/p>\n<p class=\"p1\">Som med de flesta onlinetj\u00e4nster anv\u00e4nder v\u00e5r webbplats cookies fr\u00e5n f\u00f6rsta part och tredje part f\u00f6r flera \u00e4ndam\u00e5l. F\u00f6rstapartscookies \u00e4r oftast n\u00f6dv\u00e4ndiga f\u00f6r att webbplatsen ska fungera p\u00e5 r\u00e4tt s\u00e4tt, och de samlar inte in n\u00e5gon av dina personligt identifierbara uppgifter.<\/p>\n<p class=\"p1\">De tredjepartscookies som anv\u00e4nds p\u00e5 v\u00e5r webbplats \u00e4r fr\u00e4mst till f\u00f6r att f\u00f6rst\u00e5 hur webbplatsen fungerar, hur du interagerar med v\u00e5r webbplats, f\u00f6r att h\u00e5lla v\u00e5ra tj\u00e4nster s\u00e4kra, tillhandah\u00e5lla annonser som \u00e4r relevanta f\u00f6r dig och f\u00f6rb\u00e4ttra anv\u00e4ndarupplevelsen samtidigt som den p\u00e5skyndar framtida interaktioner med v\u00e5r webbplats.<\/p>\n<p class=\"p1\"><b>Typer av cookies vi anv\u00e4nder<\/b><b><\/b><\/p>\n<p class=\"p1\"><b>Hantera Cookie-inst\u00e4llningar<\/b><b><\/b><\/p>\n<p class=\"p1\">Du kan \u00e4ndra dina cookie-preferenser n\u00e4r som helst genom att klicka p\u00e5 knappen ovan. Detta l\u00e5ter dig bes\u00f6ka bannern f\u00f6r samtycke f\u00f6r cookies igen och \u00e4ndra dina inst\u00e4llningar eller dra tillbaka ditt samtycke direkt.<\/p>\n<p class=\"p1\">Ut\u00f6ver detta tillhandah\u00e5ller olika webbl\u00e4sare olika metoder f\u00f6r att blockera och radera cookies som anv\u00e4nds av webbplatser. Du kan \u00e4ndra inst\u00e4llningarna i din webbl\u00e4sare f\u00f6r att blockera\/radera cookies. Nedan listas l\u00e4nkarna till supportdokumenten om hur man hanterar och raderar cookies fr\u00e5n st\u00f6rre webbl\u00e4sare:<\/p>\n<p class=\"p3\">\u2022Chrome: https:\/\/support.google.com\/accounts\/answer\/32050<\/p>\n<p class=\"p3\">\u2022Safari: https:\/\/support.apple.com\/en-in\/guide\/safari\/sfri11471\/mac<\/p>\n<p class=\"p3\">\u2022Firefox: https:\/\/support.mozilla.org\/en-US\/kb\/clear-cookies-and-site-data-firefox?redirectslug=delete-cookies-remove-info-websites-stored&amp;redirectlocale=en-US<\/p>\n<p class=\"p3\">\u2022Internet Explorer: https:\/\/support.microsoft.com\/en-us\/topic\/how-to-delete-cookie-files-in-internet-explorer-bca9446f-d873-78de-77ba-d42645fa52fc<\/p>\n<p class=\"p1\">Om du anv\u00e4nder n\u00e5gon annan webbl\u00e4sare, bes\u00f6k din webbl\u00e4sares officiella supportdokument.<\/p>","protected":false},"excerpt":{"rendered":"<p>Effective Date: 16-Jan-2025 Last Updated: 16-Jan-2025 What are cookies? This Cookie Policy explains what cookies are and how we use them, the types of cookies we use (i.e., the information we collect using cookies and how that information is used), and how to manage the cookie settings. Cookies are small text files that are used [&hellip;]<\/p>\n","protected":false},"author":1,"featured_media":0,"parent":0,"menu_order":30,"comment_status":"closed","ping_status":"closed","template":"","meta":{"_acf_changed":false,"footnotes":""},"class_list":["post-2252","page","type-page","status-publish","hentry"],"acf":[],"_links":{"self":[{"href":"https:\/\/www.xoma.se\/se\/wp-json\/wp\/v2\/pages\/2252","targetHints":{"allow":["GET"]}}],"collection":[{"href":"https:\/\/www.xoma.se\/se\/wp-json\/wp\/v2\/pages"}],"about":[{"href":"https:\/\/www.xoma.se\/se\/wp-json\/wp\/v2\/types\/page"}],"author":[{"embeddable":true,"href":"https:\/\/www.xoma.se\/se\/wp-json\/wp\/v2\/users\/1"}],"replies":[{"embeddable":true,"href":"https:\/\/www.xoma.se\/se\/wp-json\/wp\/v2\/comments?post=2252"}],"version-history":[{"count":5,"href":"https:\/\/www.xoma.se\/se\/wp-json\/wp\/v2\/pages\/2252\/revisions"}],"predecessor-version":[{"id":2271,"href":"https:\/\/www.xoma.se\/se\/wp-json\/wp\/v2\/pages\/2252\/revisions\/2271"}],"wp:attachment":[{"href":"https:\/\/www.xoma.se\/se\/wp-json\/wp\/v2\/media?parent=2252"}],"curies":[{"name":"wp","href":"https:\/\/api.w.org\/{rel}","templated":true}]}}